{"id":13,"date":"2026-05-06T01:51:09","date_gmt":"2026-05-05T23:51:09","guid":{"rendered":"https:\/\/steineritter.com\/?page_id=13"},"modified":"2026-05-06T01:53:43","modified_gmt":"2026-05-05T23:53:43","slug":"gaestebuch-ganz-alte-schule","status":"publish","type":"page","link":"https:\/\/steineritter.com\/?page_id=13","title":{"rendered":"G\u00e4stebuch, ganz alte Schule"},"content":{"rendered":"<div class=\"gwolle-gb\"><div class=\"gwolle-gb-messages-top-container\"><\/div>\n\t\t\t<div class=\"gwolle-gb-write-button\">\n\t\t\t\t<input type=\"button\" name=\"gwolle-gb-write-button\" class=\"button btn btn-default \" value=\"Neuen Eintrag schreiben\" aria-expanded=\"false\" \/>\n\t\t\t<\/div>\n\t\t\t<form action=\"#\" method=\"POST\" class=\"gwolle-gb-write gwolle-gb-hide gwolle-gb-float gwolle-gb-form-ajax gwolle-gb-ajax gwolle-gb-not-logged-in\">\n\t\t\t\t<h3>Einen neuen Eintrag f\u00fcr das G\u00e4stebuch schreiben<\/h3>\n\t\t\t\t<button type=\"button\" class=\"gb-notice-dismiss\">x<span class=\"screen-reader-text\">Dieses Formular ausblenden<\/span><\/button>\n\t\t\t\n\t\t\t\t<input type=\"hidden\" name=\"gwolle_gb_function\" class=\"gwolle_gb_function\" value=\"add_entry\" \/><input type=\"hidden\" name=\"gwolle_gb_book_id\" class=\"gwolle_gb_book_id\" value=\"1\" \/><div class=\"gwolle_gb_833cd756d8a143f911b14c2f71e56aeb\">\n\t\t\t\t<div class=\"label\"><label for=\"gwolle_gb_833cd756d8a143f911b14c2f71e56aeb-1\" class=\"text-info\">Name <span class=\"required\">*<\/span><\/label><\/div>\n\t\t\t\t<div class=\"input\"><input class=\"wp-exclude-emoji gwolle_gb_833cd756d8a143f911b14c2f71e56aeb\" value=\"\" type=\"text\" id=\"gwolle_gb_833cd756d8a143f911b14c2f71e56aeb-1\" name=\"gwolle_gb_833cd756d8a143f911b14c2f71e56aeb\" required \/><\/div>\n\t\t\t\t<div class=\"clearBoth\">&nbsp;<\/div>\n\t\t\t<\/div><div class=\"gwolle_gb_64ccffed9b8b8d9ba3edd90e2b96fd71\">\n\t\t\t\t\t<div class=\"label\"><label for=\"gwolle_gb_64ccffed9b8b8d9ba3edd90e2b96fd71-1\" class=\"text-info\">Stadt<\/label><\/div>\n\t\t\t\t\t<div class=\"input\"><input class=\"wp-exclude-emoji gwolle_gb_64ccffed9b8b8d9ba3edd90e2b96fd71\" value=\"\" type=\"text\" id=\"gwolle_gb_64ccffed9b8b8d9ba3edd90e2b96fd71-1\" name=\"gwolle_gb_64ccffed9b8b8d9ba3edd90e2b96fd71\" \/><\/div>\n\t\t\t\t\t<div class=\"clearBoth\">&nbsp;<\/div>\n\t\t\t\t<\/div><div class=\"gwolle_gb_802c624bad661632dfcf022fc3bbdea2\">\n\t\t\t\t<div class=\"label\"><label for=\"gwolle_gb_802c624bad661632dfcf022fc3bbdea2-1\" class=\"text-info\">E-Mail <span class=\"required\">*<\/span><\/label><\/div>\n\t\t\t\t<div class=\"input\"><input class=\"gwolle_gb_802c624bad661632dfcf022fc3bbdea2\" value=\"\" type=\"email\" id=\"gwolle_gb_802c624bad661632dfcf022fc3bbdea2-1\" name=\"gwolle_gb_802c624bad661632dfcf022fc3bbdea2\" required \/><\/div>\n\t\t\t\t<div class=\"clearBoth\">&nbsp;<\/div>\n\t\t\t<\/div><div class=\"gwolle_gb_6c8d0e23e8c40b51709e7cb10ed4c4d1\">\n\t\t\t\t<div class=\"label\"><label for=\"gwolle_gb_6c8d0e23e8c40b51709e7cb10ed4c4d1-1\" class=\"text-info\">Website<\/label><\/div>\n\t\t\t\t<div class=\"input\"><input class=\"gwolle_gb_6c8d0e23e8c40b51709e7cb10ed4c4d1\" value=\"\" type=\"url\" id=\"gwolle_gb_6c8d0e23e8c40b51709e7cb10ed4c4d1-1\" name=\"gwolle_gb_6c8d0e23e8c40b51709e7cb10ed4c4d1\" \/><\/div>\n\t\t\t\t<div class=\"clearBoth\">&nbsp;<\/div>\n\t\t\t<\/div>\n\t\t\t<div class=\"gwolle_gb_dcc3f8e1bd7facd50a76d898ee4aab10\" style=\"display:none;overflow:hidden;\" hidden=\"true\" aria-hidden=\"true\">\n\t\t\t\t<div class=\"label\">\n\t\t\t\t\t<label for=\"gwolle_gb_dcc3f8e1bd7facd50a76d898ee4aab10-1\" class=\"text-primary\">Hier nichts eingeben<\/label>\n\t\t\t\t\t<label for=\"gwolle_gb_6f6609d5cbeadd2ae3e5ee116f893883-1\" class=\"text-primary\">Hier nichts eingeben<\/label>\n\t\t\t\t<\/div>\n\t\t\t\t<div class=\"input\">\n\t\t\t\t\t<input value=\"47\" type=\"text\" id=\"gwolle_gb_dcc3f8e1bd7facd50a76d898ee4aab10-1\" name=\"gwolle_gb_dcc3f8e1bd7facd50a76d898ee4aab10\" class=\"gwolle_gb_dcc3f8e1bd7facd50a76d898ee4aab10\" style=\"transform: translateY(10000px);\" \/>\n\t\t\t\t\t<input value=\"\" type=\"text\" name=\"gwolle_gb_6f6609d5cbeadd2ae3e5ee116f893883\" id=\"gwolle_gb_6f6609d5cbeadd2ae3e5ee116f893883-1\" class=\"gwolle_gb_6f6609d5cbeadd2ae3e5ee116f893883\" style=\"transform: translateY(10000px);\" \/>\n\t\t\t\t<\/div>\n\t\t\t\t<div class=\"clearBoth\"><\/div>\n\t\t\t<\/div>\n\t\t\t<div class=\"gwolle_gb_a9b189e61900f6f99f8fbf1e981c0702\" style=\"display:none;overflow:hidden;\" hidden=\"true\" aria-hidden=\"true\">\n\t\t\t\t<div class=\"label\">\n\t\t\t\t\t<label for=\"gwolle_gb_a9b189e61900f6f99f8fbf1e981c0702-1\" class=\"text-primary\">Hier nichts eingeben<\/label>\n\t\t\t\t\t<label for=\"gwolle_gb_a408ee490a779ba3429b1eba33e9f446-1\" class=\"text-primary\">Hier nichts eingeben<\/label>\n\t\t\t\t<\/div>\n\t\t\t\t<div class=\"input\">\n\t\t\t\t\t<input value=\"83340\" type=\"text\" id=\"gwolle_gb_a9b189e61900f6f99f8fbf1e981c0702-1\" name=\"gwolle_gb_a9b189e61900f6f99f8fbf1e981c0702\" class=\"gwolle_gb_a9b189e61900f6f99f8fbf1e981c0702\" style=\"transform: translateY(10000px);\" \/>\n\t\t\t\t\t<input value=\"83340\" type=\"text\"id=\"gwolle_gb_a408ee490a779ba3429b1eba33e9f446-1\" name=\"gwolle_gb_a408ee490a779ba3429b1eba33e9f446\" class=\"gwolle_gb_a408ee490a779ba3429b1eba33e9f446\" style=\"transform: translateY(10000px);\" \/>\n\t\t\t\t<\/div>\n\t\t\t\t<div class=\"clearBoth\"><\/div>\n\t\t\t<\/div><div class=\"gwolle_gb_content\">\n\t\t\t\t<div class=\"label\"><label for=\"gwolle_gb_content-1\" class=\"text-info\">G\u00e4stebucheintrag <span class=\"required\">*<\/span><\/label><\/div>\n\t\t\t\t<div class=\"input\"><textarea id=\"gwolle_gb_content-1\" name=\"gwolle_gb_content\" class=\"gwolle_gb_content wp-exclude-emoji\" required ><\/textarea><\/div>\n\t\t\t\t\t<div class=\"clearBoth\">&nbsp;<\/div>\n\t\t\t\t<\/div><input type=\"hidden\" class=\"gwolle_gb_c1b0145d6ec0b157273984ac85c61940\" id=\"gwolle_gb_c1b0145d6ec0b157273984ac85c61940-1\" name=\"gwolle_gb_c1b0145d6ec0b157273984ac85c61940\" value=\"e954a1cbbf\" \/>\n\t\t\t<div class=\"gwolle-gb-messages-bottom-container\"><\/div>\n\n\t\t\t<noscript><div class=\"no-js\">Warnung: Dieses Formular kann nur verwendet werden, wenn in deinem Browser JavaScript aktiviert ist.<\/div><\/noscript>\n\n\t\t\t<div class=\"gwolle_gb_submit gwolle-gb-submit\">\n\t\t\t\t<div class=\"label gwolle-gb-invisible text-muted\">&nbsp;<\/div>\n\t\t\t\t<div class=\"input\">\n\t\t\t\t\t<input type=\"submit\" name=\"gwolle_gb_submit\" class=\"gwolle_gb_submit button btn btn-primary \" value=\"Absenden\" \/>\n\t\t\t\t\t<span class=\"gwolle_gb_submit_ajax_icon gwolle-gb-submit-ajax-icon\"><\/span>\n\t\t\t\n\t\t\t\t<\/div>\n\t\t\t\t<div class=\"clearBoth\">&nbsp;<\/div>\n\t\t\t<\/div>\n\n\t\t\t<div class=\"gwolle_gb_notice gwolle-gb-notice\">\n\t\t\t\tFields marked with * are required. Your E-mail address won&#039;t be published. It&#039;s possible that your entry will only be visible in the guestbook after we reviewed it. We reserve the right to edit, delete, or not publish entries.\n\t\t\t<\/div><\/form><div class=\"gwolle-gb-read gwolle-gb-ajax gwolle-gb-entries-list gwolle-gb-infinite\" data-book_id=\"1\" data-page_id=\"1\">\n\t\t<div id=\"gwolle-gb-total\" class=\"gwolle-gb-total\">2 Eintr\u00e4ge<\/div><!-- Gwolle-GB Entry: Default Template Loaded -->\n\t\t\t\t<div class=\"gb-entry gb-entry_2 gb-entry-count_1 gwolle-gb-uneven gwolle-gb-first\" id=\"gb-entry_2\" data-entry_id=\"2\">\n\t\t\t\t<article>\n\t\t\t\t\t<div class=\"gb-author-info\">\n\t\t\t\t\t\t<span class=\"gb-author-name\">BatBee\n\t\t\t\t\t\t<\/span>\n\t\t\t\t\t\t<span class=\"gb-datetime\">\n\t\t\t\t\t\t\t<span class=\"gb-date\"><span class=\"gb-date-wrote-text\"> schrieb am<\/span><span class=\"gb-date-text\"> 10 Mai 2026<\/span>\n\t\t\t\t\t\t\t<\/span><span class=\"gb-time\">\n\t\t\t\t\t\t\t\t\t<span class=\"gb-time-at-text\"> um<\/span>\n\t\t\t\t\t\t\t\t\t<span class=\"gb-time-text\"> 14:06<\/span>\n\t\t\t\t\t\t\t\t<\/span>\n\t\t\t\t\t\t<\/span> \n\t\t\t\t\t<\/div>\n\t\t\t\t\t<div class=\"gb-entry-content\">T\u00fcdel\u00fc\u00fc\u00fc\u00fc\u00fc\r\nNa da will ich doch auch mal was hinterlassen.\r\nLieben Gruss, mach weiter so.\r\nBatBee\n\t\t\t\t\t<\/div>\n\t\t\t\t<\/article>\n\t\t\t<\/div>\n\t\t\t<div class=\"gb-entry gb-entry_1 gb-entry-count_2 gwolle-gb-even\" id=\"gb-entry_1\" data-entry_id=\"1\">\n\t\t\t\t<article>\n\t\t\t\t\t<div class=\"gb-author-info\">\n\t\t\t\t\t\t<span class=\"gb-author-name\">Sascha\n\t\t\t\t\t\t<\/span>\n\t\t\t\t\t\t<span class=\"gb-author-origin\">\n\t\t\t\t\t\t\t<span class=\"gb-author-origin-from-text\"> aus<\/span>\n\t\t\t\t\t\t\t<span class=\"gb-author-origin-text\"> Heide<\/span>\n\t\t\t\t\t\t<\/span>\n\t\t\t\t\t\t<span class=\"gb-datetime\">\n\t\t\t\t\t\t\t<span class=\"gb-date\"><span class=\"gb-date-wrote-text\"> schrieb am<\/span><span class=\"gb-date-text\"> 10 Mai 2026<\/span>\n\t\t\t\t\t\t\t<\/span><span class=\"gb-time\">\n\t\t\t\t\t\t\t\t\t<span class=\"gb-time-at-text\"> um<\/span>\n\t\t\t\t\t\t\t\t\t<span class=\"gb-time-text\"> 2:08<\/span>\n\t\t\t\t\t\t\t\t<\/span>\n\t\t\t\t\t\t<\/span> \n\t\t\t\t\t<\/div>\n\t\t\t\t\t<div class=\"gb-entry-content\">Ahoi \r\n\r\nDas ist der erste Eintrag in meinen G\u00e4stebuch.\n\t\t\t\t\t<\/div>\n\t\t\t\t<\/article>\n\t\t\t<\/div>\n\t\t\t<\/div><\/div>\n\n\n\n<p><\/p>\n","protected":false},"excerpt":{"rendered":"","protected":false},"author":1,"featured_media":0,"parent":0,"menu_order":0,"comment_status":"closed","ping_status":"closed","template":"","meta":{"footnotes":""},"class_list":["post-13","page","type-page","status-publish","hentry"],"jetpack_sharing_enabled":true,"_links":{"self":[{"href":"https:\/\/steineritter.com\/index.php?rest_route=\/wp\/v2\/pages\/13","targetHints":{"allow":["GET"]}}],"collection":[{"href":"https:\/\/steineritter.com\/index.php?rest_route=\/wp\/v2\/pages"}],"about":[{"href":"https:\/\/steineritter.com\/index.php?rest_route=\/wp\/v2\/types\/page"}],"author":[{"embeddable":true,"href":"https:\/\/steineritter.com\/index.php?rest_route=\/wp\/v2\/users\/1"}],"replies":[{"embeddable":true,"href":"https:\/\/steineritter.com\/index.php?rest_route=%2Fwp%2Fv2%2Fcomments&post=13"}],"version-history":[{"count":3,"href":"https:\/\/steineritter.com\/index.php?rest_route=\/wp\/v2\/pages\/13\/revisions"}],"predecessor-version":[{"id":16,"href":"https:\/\/steineritter.com\/index.php?rest_route=\/wp\/v2\/pages\/13\/revisions\/16"}],"wp:attachment":[{"href":"https:\/\/steineritter.com\/index.php?rest_route=%2Fwp%2Fv2%2Fmedia&parent=13"}],"curies":[{"name":"wp","href":"https:\/\/api.w.org\/{rel}","templated":true}]}}