{"id":1687,"date":"2026-05-09T21:07:05","date_gmt":"2026-05-09T19:07:05","guid":{"rendered":"https:\/\/steineritter.com\/?page_id=1687"},"modified":"2026-05-09T21:11:09","modified_gmt":"2026-05-09T19:11:09","slug":"schatzsuche-anleitung","status":"publish","type":"page","link":"https:\/\/steineritter.com\/?page_id=1687","title":{"rendered":"Schatzsuche &#8211; Anleitung"},"content":{"rendered":"<style>.ablocks-block-31d1c3aa-1a63-42cb-bc2f-fb252b20de53 { position:relative;transition:border 0s ease,background 0s ease,box-shadow 0s ease; } .ablocks-block-31d1c3aa-1a63-42cb-bc2f-fb252b20de53 .ablocks-carousel-swiper .swiper-wrapper { min-height:300px;align-items:center; } .ablocks-block-31d1c3aa-1a63-42cb-bc2f-fb252b20de53 .ablocks-carousel-navigation__button { top:50%; } .ablocks-block-31d1c3aa-1a63-42cb-bc2f-fb252b20de53 .ablocks-carousel-navigation__button--next { right:-3%; } .ablocks-block-31d1c3aa-1a63-42cb-bc2f-fb252b20de53 .ablocks-carousel-navigation__button--prev { left:-3%; } .ablocks-block-31d1c3aa-1a63-42cb-bc2f-fb252b20de53 .ablocks-carousel-navigation__button .ablocks-icon-wrap { font-size:35px; } .ablocks-block-31d1c3aa-1a63-42cb-bc2f-fb252b20de53 .ablocks-carousel-pagination { left:47%;top:100%; } .ablocks-block-31d1c3aa-1a63-42cb-bc2f-fb252b20de53 .swiper-pagination-bullet { background-color:black;width:8px;height:8px; } .ablocks-block-31d1c3aa-1a63-42cb-bc2f-fb252b20de53 .swiper-pagination-bullet:hover { background-color:black;width:8px;height:8px; } .ablocks-block-31d1c3aa-1a63-42cb-bc2f-fb252b20de53 .swiper-pagination-bullet.swiper-pagination-bullet-active { background-color:black;width:8px;height:8px; } .ablocks-block-31d1c3aa-1a63-42cb-bc2f-fb252b20de53 .swiper-pagination-bullet.swiper-pagination-bullet-active:hover { background-color:black;width:8px;height:8px; } .ablocks-block-31d1c3aa-1a63-42cb-bc2f-fb252b20de53 .ablocks-carousel-navigation__button .ablocks-svg-icon { fill:#686868;background-color:#e4e4e4; } .ablocks-block-31d1c3aa-1a63-42cb-bc2f-fb252b20de53 .ablocks-carousel-navigation__button .ablocks-svg-icon:hover { transition-duration:s; } <\/style>\n<div class=\"ablocks-block ablocks-block-31d1c3aa-1a63-42cb-bc2f-fb252b20de53 ablocks-block--carousel\"><div class=\"swiper ablocks-carousel-swiper\" data-swiper-options=\"{&quot;pagination&quot;:true,&quot;navigation&quot;:true,&quot;paginationClickable&quot;:true}\" data-swiper-frontend-options=\"{&quot;effect&quot;:&quot;slide&quot;,&quot;loop&quot;:false,&quot;grabCursor&quot;:true,&quot;mousewheel&quot;:true,&quot;speed&quot;:800,&quot;initialSlide&quot;:3,&quot;autoplay&quot;:{&quot;delay&quot;:3000,&quot;pauseOnMouseEnter&quot;:true,&quot;reverseDirection&quot;:false}}\" data-swiper-slides-per-view=\"{&quot;value&quot;:1,&quot;valueTablet&quot;:1,&quot;valueMobile&quot;:1}\" data-swiper-gap=\"{&quot;value&quot;:0,&quot;valueTablet&quot;:0,&quot;valueMobile&quot;:0}\"><div class=\"swiper-wrapper\"><style>.ablocks-block-3f96c258-d8b4-46a2-9e14-5bbf069b2e28 { position:relative;transition:border 0s ease,background 0s ease,box-shadow 0s ease; } <\/style>\n<div class=\"swiper-slide ablocks-carousel-swiper-slide\"><div class=\"ablocks-block ablocks-block-3f96c258-d8b4-46a2-9e14-5bbf069b2e28 ablocks-block--carousel-child\">\n<figure class=\"wp-block-image aligncenter size-large\"><img fetchpriority=\"high\" decoding=\"async\" width=\"1024\" height=\"1024\" src=\"https:\/\/steineritter.com\/wp-content\/uploads\/2026\/05\/schatzssuche0-1024x1024.jpg\" alt=\"\" class=\"wp-image-1686\" srcset=\"https:\/\/steineritter.com\/wp-content\/uploads\/2026\/05\/schatzssuche0-1024x1024.jpg 1024w, https:\/\/steineritter.com\/wp-content\/uploads\/2026\/05\/schatzssuche0-300x300.jpg 300w, https:\/\/steineritter.com\/wp-content\/uploads\/2026\/05\/schatzssuche0-150x150.jpg 150w, https:\/\/steineritter.com\/wp-content\/uploads\/2026\/05\/schatzssuche0-768x768.jpg 768w, https:\/\/steineritter.com\/wp-content\/uploads\/2026\/05\/schatzssuche0.jpg 1254w\" sizes=\"(max-width: 1024px) 100vw, 1024px\" \/><\/figure>\n<\/div><\/div>\n\n\n<style>.ablocks-block-07fbddea-a1cb-4d24-9d54-54ecabd99013 { position:relative;transition:border 0s ease,background 0s ease,box-shadow 0s ease; } <\/style>\n<div class=\"swiper-slide ablocks-carousel-swiper-slide\"><div class=\"ablocks-block ablocks-block-07fbddea-a1cb-4d24-9d54-54ecabd99013 ablocks-block--carousel-child\">\n<figure class=\"wp-block-image aligncenter size-large\"><img decoding=\"async\" width=\"1024\" height=\"1024\" src=\"https:\/\/steineritter.com\/wp-content\/uploads\/2026\/05\/schatzsuche1-1024x1024.jpg\" alt=\"\" class=\"wp-image-1683\" srcset=\"https:\/\/steineritter.com\/wp-content\/uploads\/2026\/05\/schatzsuche1-1024x1024.jpg 1024w, https:\/\/steineritter.com\/wp-content\/uploads\/2026\/05\/schatzsuche1-300x300.jpg 300w, https:\/\/steineritter.com\/wp-content\/uploads\/2026\/05\/schatzsuche1-150x150.jpg 150w, https:\/\/steineritter.com\/wp-content\/uploads\/2026\/05\/schatzsuche1-768x768.jpg 768w, https:\/\/steineritter.com\/wp-content\/uploads\/2026\/05\/schatzsuche1.jpg 1254w\" sizes=\"(max-width: 1024px) 100vw, 1024px\" \/><\/figure>\n<\/div><\/div>\n\n\n<style>.ablocks-block-e0d27292-55ce-48d3-a108-8b0e712a09d7 { position:relative;transition:border 0s ease,background 0s ease,box-shadow 0s ease; } <\/style>\n<div class=\"swiper-slide ablocks-carousel-swiper-slide\"><div class=\"ablocks-block ablocks-block-e0d27292-55ce-48d3-a108-8b0e712a09d7 ablocks-block--carousel-child\">\n<figure class=\"wp-block-image aligncenter size-large\"><img decoding=\"async\" width=\"1024\" height=\"1024\" src=\"https:\/\/steineritter.com\/wp-content\/uploads\/2026\/05\/schatzsuche2-1024x1024.jpg\" alt=\"\" class=\"wp-image-1684\" srcset=\"https:\/\/steineritter.com\/wp-content\/uploads\/2026\/05\/schatzsuche2-1024x1024.jpg 1024w, https:\/\/steineritter.com\/wp-content\/uploads\/2026\/05\/schatzsuche2-300x300.jpg 300w, https:\/\/steineritter.com\/wp-content\/uploads\/2026\/05\/schatzsuche2-150x150.jpg 150w, https:\/\/steineritter.com\/wp-content\/uploads\/2026\/05\/schatzsuche2-768x768.jpg 768w, https:\/\/steineritter.com\/wp-content\/uploads\/2026\/05\/schatzsuche2.jpg 1254w\" sizes=\"(max-width: 1024px) 100vw, 1024px\" \/><\/figure>\n<\/div><\/div>\n\n\n<style>.ablocks-block-ca477683-79e2-4209-b05d-9fbd1d54337e { position:relative;transition:border 0s ease,background 0s ease,box-shadow 0s ease; } <\/style>\n<div class=\"swiper-slide ablocks-carousel-swiper-slide\"><div class=\"ablocks-block ablocks-block-ca477683-79e2-4209-b05d-9fbd1d54337e ablocks-block--carousel-child\">\n<figure class=\"wp-block-image aligncenter size-large\"><img loading=\"lazy\" decoding=\"async\" width=\"1024\" height=\"1024\" src=\"https:\/\/steineritter.com\/wp-content\/uploads\/2026\/05\/scchatzsuche3-1024x1024.jpg\" alt=\"\" class=\"wp-image-1685\" srcset=\"https:\/\/steineritter.com\/wp-content\/uploads\/2026\/05\/scchatzsuche3-1024x1024.jpg 1024w, https:\/\/steineritter.com\/wp-content\/uploads\/2026\/05\/scchatzsuche3-300x300.jpg 300w, https:\/\/steineritter.com\/wp-content\/uploads\/2026\/05\/scchatzsuche3-150x150.jpg 150w, https:\/\/steineritter.com\/wp-content\/uploads\/2026\/05\/scchatzsuche3-768x768.jpg 768w, https:\/\/steineritter.com\/wp-content\/uploads\/2026\/05\/scchatzsuche3.jpg 1254w\" sizes=\"(max-width: 1024px) 100vw, 1024px\" \/><\/figure>\n<\/div><\/div>\n<\/div><\/div><div class=\"ablocks-carousel-pagination\"><\/div><div class=\"ablocks-carousel-navigation__buttons\"><div class=\"ablocks-carousel-navigation__button ablocks-carousel-navigation__button--prev\"><div class=\"ablocks-icon-wrap\"><svg xmlns=\"http:\/\/www.w3.org\/2000\/svg\" viewBox=\"0 0 512 512\" class=\"ablocks-svg-icon\"><path d=\"M8 256c0 137 111 248 248 248s248-111 248-248S393 8 256 8 8 119 8 256zm448 0c0 110.5-89.5 200-200 200S56 366.5 56 256 145.5 56 256 56s200 89.5 200 200zm-72-20v40c0 6.6-5.4 12-12 12H256v67c0 10.7-12.9 16-20.5 8.5l-99-99c-4.7-4.7-4.7-12.3 0-17l99-99c7.6-7.6 20.5-2.2 20.5 8.5v67h116c6.6 0 12 5.4 12 12z\"><\/path><\/svg><\/div><\/div><div class=\"ablocks-carousel-navigation__button ablocks-carousel-navigation__button--next\"><div class=\"ablocks-icon-wrap\"><svg xmlns=\"http:\/\/www.w3.org\/2000\/svg\" viewBox=\"0 0 512 512\" class=\"ablocks-svg-icon\"><path d=\"M504 256C504 119 393 8 256 8S8 119 8 256s111 248 248 248 248-111 248-248zm-448 0c0-110.5 89.5-200 200-200s200 89.5 200 200-89.5 200-200 200S56 366.5 56 256zm72 20v-40c0-6.6 5.4-12 12-12h116v-67c0-10.7 12.9-16 20.5-8.5l99 99c4.7 4.7 4.7 12.3 0 17l-99 99c-7.6 7.6-20.5 2.2-20.5-8.5v-67H140c-6.6 0-12-5.4-12-12z\"><\/path><\/svg><\/div><\/div><\/div><\/div>\n\n\n<style>.ablocks-block-32d418e8-0cec-4569-b418-62c2efe78fa8 { position:relative;transition:border 0s ease,background 0s ease,box-shadow 0s ease; } .ablocks-block-32d418e8-0cec-4569-b418-62c2efe78fa8 { text-align:left; } <\/style>\n<div class=\"ablocks-block ablocks-block-32d418e8-0cec-4569-b418-62c2efe78fa8 ablocks-block--heading\"><h2 class=\"ablocks-heading-text\">AHOI \ud83e\udd17<\/h2><\/div>\n\n\n\n<p>Kurze Anleitung f\u00fcr die Schatzsuche! \u2693\ud83e\udd9c<\/p>\n\n\n\n<p>1\ufe0f\u20e3<br>W\u00e4hrend du dieses Video in meiner Story siehst, sind wir schon unterwegs. \ud83c\udf0d<br>Der Ort oder das Land bleibt streng geheim, bis die Schatzkarte ver\u00f6ffentlicht wird.<br>Wer den Schatz versteckt hat, verr\u00e4t dir das Maskottchen .<\/p>\n\n\n\n<p>Ob Silberklaue, Thariel, Schillerlocke, Nebelfalkin, Strandgefl\u00fcster, das K\u00fcstentrio, Krabben-Kr\u00fcmel oder der Steineritter selbst. Augen auf die Crew hinterl\u00e4sst Spuren \ud83d\ude09<\/p>\n\n\n\n<p>2\ufe0f\u20e3<br>Die Hinweise sind launisch wie der Wind.<br>Manchmal zeigen Bilder den Weg, manchmal ein Reel in der Story.<br>Und glaub mir: Der Ort selbst plaudert \u00f6fter, als man denkt\u2026<br>man muss nur genau hinschauen \ud83d\udc40<\/p>\n\n\n\n<p>3\ufe0f\u20e3<br>Unsere Schatzkarte<br>Diese Schatzkarte ist keine gew\u00f6hnliche Karte.<br>Der Papagei hat sie zerfetzt \u2013 also mussten wir improvisieren \ud83e\udd9c\ud83d\ude06<br>Jetzt besteht sie aus einer Bildercollage, die entschl\u00fcsselt werden will.<br>Jedes Bild ist ein Hinweis\u2026<br>aber Achtung: Nicht jedes Bild f\u00fchrt direkt zum Ziel.<br>Ein paar sind absichtlich irref\u00fchrend Piraten w\u00e4ren sonst ja langweilig.<\/p>\n\n\n\n<p>4\ufe0f\u20e3<br>\ud83d\udce3 Fund gemacht? So gibst du Bescheid!<br>Markiere mich einfach in deiner Story, deinem Beitrag oder Reel \ud83d\udcf8\u2728<br>oder schick uns eine digitale Flaschenpost \ud83c\udff4\u200d\u2620\ufe0f\ud83d\udc8c<br>\ud83d\udce7 steineritter@gmail.com<\/p>\n\n\n\n<p>In den Kommentaren gilt:<br>Solange kein offizielles Signal von uns steht<br>\ud83d\udc49 \u201eGefunden + Datum\/Gefunden.<br>ist der Schatz noch nicht als gefunden markiert.<\/p>\n\n\n\n<p>Wenn du den Schatz findest,<br>schreib gern einen Kommentar oder melde dich direkt bei uns.<\/p>\n\n\n\n<p>So wissen alle Bescheid<br>und die Schatzsuche bleibt fair, spannend und voller Freude \ud83c\udf40<\/p>\n\n\n\n<p>5\ufe0f\u20e3<br>\ud83d\udccc Noch ein kleiner Trick vom K\u00e4pt\u2019n<br>Mehrmals in der Woche tauchen in meiner Story noch nicht gefundene Schatzkarten auf.<\/p>\n\n\n\n<p>Einmal draufklicken \u2013 zack \u2013 und ihr landet direkt beim Beitrag mit der Schatzkarte. \ud83d\uddfa\ufe0f\u2728<\/p>\n\n\n\n<p>Ideal f\u00fcr alle, die spontan Lust auf ein Abenteuer haben<br>oder nochmal pr\u00fcfen wollen, ob irgendwo noch Gl\u00fcck wartet. \ud83c\udf40\ud83c\udff4\u200d\u2620\ufe0f.<\/p>\n\n\n\n<p>\u2693 Zum Schluss bleibt nur eins zu sagen:<br>Wir w\u00fcnschen allen Schatzsuchern viel Gl\u00fcck bei eurem Abenteuer. \ud83c\udf40\ud83c\udff4<\/p>\n\n\n\n<p>*Es gelten die Nutzerbedingungen<\/p>\n\n\n\n<p><\/p>\n","protected":false},"excerpt":{"rendered":"<p>Kurze Anleitung f\u00fcr die Schatzsuche! \u2693\ud83e\udd9c 1\ufe0f\u20e3W\u00e4hrend du dieses Video in meiner Story siehst, sind wir schon unterwegs.<\/p>\n","protected":false},"author":1,"featured_media":0,"parent":0,"menu_order":0,"comment_status":"closed","ping_status":"closed","template":"","meta":{"footnotes":""},"class_list":["post-1687","page","type-page","status-publish","hentry"],"jetpack_sharing_enabled":true,"_links":{"self":[{"href":"https:\/\/steineritter.com\/index.php?rest_route=\/wp\/v2\/pages\/1687","targetHints":{"allow":["GET"]}}],"collection":[{"href":"https:\/\/steineritter.com\/index.php?rest_route=\/wp\/v2\/pages"}],"about":[{"href":"https:\/\/steineritter.com\/index.php?rest_route=\/wp\/v2\/types\/page"}],"author":[{"embeddable":true,"href":"https:\/\/steineritter.com\/index.php?rest_route=\/wp\/v2\/users\/1"}],"replies":[{"embeddable":true,"href":"https:\/\/steineritter.com\/index.php?rest_route=%2Fwp%2Fv2%2Fcomments&post=1687"}],"version-history":[{"count":4,"href":"https:\/\/steineritter.com\/index.php?rest_route=\/wp\/v2\/pages\/1687\/revisions"}],"predecessor-version":[{"id":1693,"href":"https:\/\/steineritter.com\/index.php?rest_route=\/wp\/v2\/pages\/1687\/revisions\/1693"}],"wp:attachment":[{"href":"https:\/\/steineritter.com\/index.php?rest_route=%2Fwp%2Fv2%2Fmedia&parent=1687"}],"curies":[{"name":"wp","href":"https:\/\/api.w.org\/{rel}","templated":true}]}}