{"id":1696,"date":"2026-05-09T21:31:25","date_gmt":"2026-05-09T19:31:25","guid":{"rendered":"https:\/\/steineritter.com\/?page_id=1696"},"modified":"2026-05-09T22:05:39","modified_gmt":"2026-05-09T20:05:39","slug":"ostseejade-beschreibung","status":"publish","type":"page","link":"https:\/\/steineritter.com\/?page_id=1696","title":{"rendered":"Ostseejade Beschreibung"},"content":{"rendered":"\n<p><br>Der Kalk, der in Faserkristallen gewachsen ist, den wir am Ostseestrand finden entstand vor etwa 50 Millionen Jahren. Auch wenn das Kalziumkarbonat (CaCO3) aus dem Faserkalke bestehen, ein sehr weiches Material ist und nur eine Mohs-H\u00e4rte von 3 aufweist, z\u00e4hlt es trotzdem als festes Gestein.<\/p>\n\n\n\n<p>Einige nennen es \u201eOstseejade\u201c, weil der Stein, wenn er geschliffen wurde, der echten Jade verbl\u00fcffend \u00e4hnlich sieht. Andere bezeichnen ihn auch als \u201eFriesengold\u201c. Und diese h\u00fcbschen Steine eignen sich auch gut als Schmuckanh\u00e4nger.<\/p>\n\n\n\n<p>Schon in der Steinzeit gab es Ostseejade-Schmuck. Ihre Farbe reicht von gelb-grau \u00fcber gr\u00fcnlich bis rosa. Dabei ist es gar nicht so einfach Ostseejade zu finden, weil die Faserkalke gut verwittern. Es sieht ein bisschen aus wie versteinertes Holz. Aber wie ist diese Struktur entstanden?<\/p>\n\n\n\n<p>Im Eoz\u00e4n (vor 56 bis 34 Mio. Jahren) gab es im Seegebiet zwischen Norwegen und D\u00e4nemark (Kattegatt) m\u00e4chtige Vulkane, die ihre Aschen in die Atmosph\u00e4re geschleudert haben. Die Asche fiel wieder auf den Boden und lagerte sich ab. Normalerweise entstehen dadurch m\u00e4chtige Tuffschichten, aber hier fielen die Aschen bis hinunter auf den Meeresboden und setzte sich dort auf dem marinen Tonsediment ab. Darauf lagerte sich \u00fcber die Jahre wieder Ton ab. Und irgendwann bildeten sich in den Ascheschichten zwischen den Tonschichten Calzitfasern. Diese wuchsen faserartig in die Tonschichten hinein, die darunter und dar\u00fcber lagen.<\/p>\n\n\n\n<p>Und in der Mitte? Da sehen wir die typische Naht eines Faserkalks. Dort begannen die Kristalle einst zu wachsen und sind immer weiter nach au\u00dfen gewachsen. Die Annahme, dass die Calzitfasern von zwei Seiten in einen Hohlraum reingewachsen sind und sich an der Mittelnaht getroffen haben, ist weit verbreitet, aber nach aktuellem Forschungsstand falsch. Wenn die Faserkalke rosa gef\u00e4rbt sind, dann ist zu wenig Mangan in der Tuffschicht oder in den Tonschichten gewesen, um den Faserkalk einzuf\u00e4rben. Eine graue bis gelbliche F\u00e4rbung entsteht durch die Tonminerale, in die der Faserkalk hineingewachsen ist.<\/p>\n\n\n\n<p><em><strong>Autorin: Frau Niemand<\/strong><\/em> &#8211;> <a href=\"https:\/\/www.youtube.com\/@FrauWNiemand\" target=\"_blank\" rel=\"noreferrer noopener\">Youtube<\/a><\/p>\n\n\n<style>.ablocks-block-146641a3-29ec-4e0f-abf4-241883f07c1e { position:relative;transition:border 0s ease,background 0s ease,box-shadow 0s ease; } .ablocks-block-146641a3-29ec-4e0f-abf4-241883f07c1e.ablocks-block--container { overflow:visible; } .ablocks-block-146641a3-29ec-4e0f-abf4-241883f07c1e > .ablocks-block-container { max-width:min(100%,1140px);margin-right:auto !important;margin-left:auto !important; } .ablocks-block-146641a3-29ec-4e0f-abf4-241883f07c1e > .ablocks-block-container { display:grid;grid-template-columns:repeat(2,1fr);grid-template-rows:repeat(2,auto);flex-direction:column;min-height:0px;row-gap:0px;column-gap:0px; } @media screen and (max-width: 480px) { .ablocks-block-146641a3-29ec-4e0f-abf4-241883f07c1e > .ablocks-block-container { grid-template-columns:repeat(1,1fr); } } .ablocks-block-146641a3-29ec-4e0f-abf4-241883f07c1e.ablocks-has-block-container > .ablocks-block-container { display:grid;grid-template-columns:repeat(2,1fr);grid-template-rows:repeat(2,auto);flex-direction:column;min-height:0px;row-gap:0px;column-gap:0px; } @media screen and (max-width: 480px) { .ablocks-block-146641a3-29ec-4e0f-abf4-241883f07c1e.ablocks-has-block-container > .ablocks-block-container { grid-template-columns:repeat(1,1fr); } } <\/style>\n<div class=\"ablocks-block ablocks-block-146641a3-29ec-4e0f-abf4-241883f07c1e ablocks-block--container ablocks-block--container--is-root alignfull\"><div class=\"ablocks-block-container\"><style>.ablocks-block-2459abde-95d9-49c2-8a8e-ba4d8c69ad3c { position:relative;transition:border 0s ease,background 0s ease,box-shadow 0s ease; } .ablocks-block-2459abde-95d9-49c2-8a8e-ba4d8c69ad3c.ablocks-block--container { max-width:min(100%,100%) !important;overflow:visible; } .ablocks-block-2459abde-95d9-49c2-8a8e-ba4d8c69ad3c { display:flex;flex-direction:column;min-height:0px;row-gap:0px;column-gap:0px; } .ablocks-block-2459abde-95d9-49c2-8a8e-ba4d8c69ad3c.ablocks-has-block-container > .ablocks-block-container { display:flex;flex-direction:column;min-height:0px;row-gap:0px;column-gap:0px; } <\/style>\n<div class=\"ablocks-block ablocks-block-2459abde-95d9-49c2-8a8e-ba4d8c69ad3c ablocks-block--container\">\n<figure class=\"wp-block-image size-large\"><img fetchpriority=\"high\" decoding=\"async\" width=\"768\" height=\"1024\" src=\"https:\/\/steineritter.com\/wp-content\/uploads\/2026\/05\/01osj-768x1024.jpg\" alt=\"\" class=\"wp-image-1698\" srcset=\"https:\/\/steineritter.com\/wp-content\/uploads\/2026\/05\/01osj-768x1024.jpg 768w, https:\/\/steineritter.com\/wp-content\/uploads\/2026\/05\/01osj-225x300.jpg 225w, https:\/\/steineritter.com\/wp-content\/uploads\/2026\/05\/01osj-1152x1536.jpg 1152w, https:\/\/steineritter.com\/wp-content\/uploads\/2026\/05\/01osj-1536x2048.jpg 1536w, https:\/\/steineritter.com\/wp-content\/uploads\/2026\/05\/01osj-scaled.jpg 1920w\" sizes=\"(max-width: 768px) 100vw, 768px\" \/><figcaption class=\"wp-element-caption\">Rohe Jade<\/figcaption><\/figure>\n<\/div>\n\n\n<style>.ablocks-block-10b9495d-e6ba-425f-9290-8f7c89249f42 { position:relative;transition:border 0s ease,background 0s ease,box-shadow 0s ease; } .ablocks-block-10b9495d-e6ba-425f-9290-8f7c89249f42.ablocks-block--container { max-width:min(100%,100%) !important;overflow:visible; } .ablocks-block-10b9495d-e6ba-425f-9290-8f7c89249f42 { display:flex;flex-direction:column;min-height:0px;row-gap:0px;column-gap:0px; } .ablocks-block-10b9495d-e6ba-425f-9290-8f7c89249f42.ablocks-has-block-container > .ablocks-block-container { display:flex;flex-direction:column;min-height:0px;row-gap:0px;column-gap:0px; } <\/style>\n<div class=\"ablocks-block ablocks-block-10b9495d-e6ba-425f-9290-8f7c89249f42 ablocks-block--container\">\n<figure class=\"wp-block-image size-large\"><img decoding=\"async\" width=\"768\" height=\"1024\" src=\"https:\/\/steineritter.com\/wp-content\/uploads\/2026\/05\/02osj-768x1024.jpg\" alt=\"\" class=\"wp-image-1699\" srcset=\"https:\/\/steineritter.com\/wp-content\/uploads\/2026\/05\/02osj-768x1024.jpg 768w, https:\/\/steineritter.com\/wp-content\/uploads\/2026\/05\/02osj-225x300.jpg 225w, https:\/\/steineritter.com\/wp-content\/uploads\/2026\/05\/02osj-1152x1536.jpg 1152w, https:\/\/steineritter.com\/wp-content\/uploads\/2026\/05\/02osj-1536x2048.jpg 1536w, https:\/\/steineritter.com\/wp-content\/uploads\/2026\/05\/02osj-scaled.jpg 1920w\" sizes=\"(max-width: 768px) 100vw, 768px\" \/><figcaption class=\"wp-element-caption\">Seltene Rosa Ostseejade<\/figcaption><\/figure>\n<\/div>\n\n\n<style>.ablocks-block-14d56418-3daa-4a4c-b0ee-d7cba19401ed { position:relative;transition:border 0s ease,background 0s ease,box-shadow 0s ease; } .ablocks-block-14d56418-3daa-4a4c-b0ee-d7cba19401ed.ablocks-block--container { max-width:min(100%,100%) !important;overflow:visible; } .ablocks-block-14d56418-3daa-4a4c-b0ee-d7cba19401ed { display:flex;flex-direction:column;min-height:0px;row-gap:0px;column-gap:0px; } .ablocks-block-14d56418-3daa-4a4c-b0ee-d7cba19401ed.ablocks-has-block-container > .ablocks-block-container { display:flex;flex-direction:column;min-height:0px;row-gap:0px;column-gap:0px; } <\/style>\n<div class=\"ablocks-block ablocks-block-14d56418-3daa-4a4c-b0ee-d7cba19401ed ablocks-block--container\">\n<figure class=\"wp-block-image size-large\"><img decoding=\"async\" width=\"768\" height=\"1024\" src=\"https:\/\/steineritter.com\/wp-content\/uploads\/2026\/05\/03osj-768x1024.jpg\" alt=\"\" class=\"wp-image-1700\" srcset=\"https:\/\/steineritter.com\/wp-content\/uploads\/2026\/05\/03osj-768x1024.jpg 768w, https:\/\/steineritter.com\/wp-content\/uploads\/2026\/05\/03osj-225x300.jpg 225w, https:\/\/steineritter.com\/wp-content\/uploads\/2026\/05\/03osj-1152x1536.jpg 1152w, https:\/\/steineritter.com\/wp-content\/uploads\/2026\/05\/03osj-1536x2048.jpg 1536w, https:\/\/steineritter.com\/wp-content\/uploads\/2026\/05\/03osj-scaled.jpg 1920w\" sizes=\"(max-width: 768px) 100vw, 768px\" \/><figcaption class=\"wp-element-caption\">geschliffene, polierte Ostseejade<\/figcaption><\/figure>\n<\/div>\n\n\n<style>.ablocks-block-eee72e0e-360e-4e28-95e5-a95fdc0fc1a8 { position:relative;transition:border 0s ease,background 0s ease,box-shadow 0s ease; } .ablocks-block-eee72e0e-360e-4e28-95e5-a95fdc0fc1a8.ablocks-block--container { max-width:min(100%,100%) !important;overflow:visible; } .ablocks-block-eee72e0e-360e-4e28-95e5-a95fdc0fc1a8 { display:flex;flex-direction:column;min-height:0px;row-gap:0px;column-gap:0px; } .ablocks-block-eee72e0e-360e-4e28-95e5-a95fdc0fc1a8.ablocks-has-block-container > .ablocks-block-container { display:flex;flex-direction:column;min-height:0px;row-gap:0px;column-gap:0px; } <\/style>\n<div class=\"ablocks-block ablocks-block-eee72e0e-360e-4e28-95e5-a95fdc0fc1a8 ablocks-block--container\">\n<figure class=\"wp-block-image size-large\"><img loading=\"lazy\" decoding=\"async\" width=\"768\" height=\"1024\" src=\"https:\/\/steineritter.com\/wp-content\/uploads\/2026\/05\/04osj-768x1024.jpg\" alt=\"\" class=\"wp-image-1697\" srcset=\"https:\/\/steineritter.com\/wp-content\/uploads\/2026\/05\/04osj-768x1024.jpg 768w, https:\/\/steineritter.com\/wp-content\/uploads\/2026\/05\/04osj-225x300.jpg 225w, https:\/\/steineritter.com\/wp-content\/uploads\/2026\/05\/04osj-1152x1536.jpg 1152w, https:\/\/steineritter.com\/wp-content\/uploads\/2026\/05\/04osj-1536x2048.jpg 1536w, https:\/\/steineritter.com\/wp-content\/uploads\/2026\/05\/04osj-scaled.jpg 1920w\" sizes=\"(max-width: 768px) 100vw, 768px\" \/><figcaption class=\"wp-element-caption\">geschliffene, polierte Ostseejade<\/figcaption><\/figure>\n<\/div>\n<\/div><\/div>\n","protected":false},"excerpt":{"rendered":"<p>Der Kalk, der in Faserkristallen gewachsen ist, den wir am Ostseestrand finden entstand vor etwa 50 Millionen Jahren.<\/p>\n","protected":false},"author":1,"featured_media":0,"parent":0,"menu_order":0,"comment_status":"closed","ping_status":"closed","template":"","meta":{"footnotes":""},"class_list":["post-1696","page","type-page","status-publish","hentry"],"jetpack_sharing_enabled":true,"_links":{"self":[{"href":"https:\/\/steineritter.com\/index.php?rest_route=\/wp\/v2\/pages\/1696","targetHints":{"allow":["GET"]}}],"collection":[{"href":"https:\/\/steineritter.com\/index.php?rest_route=\/wp\/v2\/pages"}],"about":[{"href":"https:\/\/steineritter.com\/index.php?rest_route=\/wp\/v2\/types\/page"}],"author":[{"embeddable":true,"href":"https:\/\/steineritter.com\/index.php?rest_route=\/wp\/v2\/users\/1"}],"replies":[{"embeddable":true,"href":"https:\/\/steineritter.com\/index.php?rest_route=%2Fwp%2Fv2%2Fcomments&post=1696"}],"version-history":[{"count":2,"href":"https:\/\/steineritter.com\/index.php?rest_route=\/wp\/v2\/pages\/1696\/revisions"}],"predecessor-version":[{"id":1711,"href":"https:\/\/steineritter.com\/index.php?rest_route=\/wp\/v2\/pages\/1696\/revisions\/1711"}],"wp:attachment":[{"href":"https:\/\/steineritter.com\/index.php?rest_route=%2Fwp%2Fv2%2Fmedia&parent=1696"}],"curies":[{"name":"wp","href":"https:\/\/api.w.org\/{rel}","templated":true}]}}