{"id":2,"date":"2026-05-06T00:56:27","date_gmt":"2026-05-05T22:56:27","guid":{"rendered":"https:\/\/steineritter.com\/?page_id=2"},"modified":"2026-05-12T20:58:47","modified_gmt":"2026-05-12T18:58:47","slug":"beispiel-seite","status":"publish","type":"page","link":"https:\/\/steineritter.com\/?page_id=2","title":{"rendered":"Impressum"},"content":{"rendered":"\n<p>Angaben gem\u00e4\u00df \u00a7 5 DDG (Digitale-Dienste-Gesetz) und \u00a7 18 Abs. 2 MStV<\/p>\n\n\n\n<p>Sascha Eckhoff\u00a0<br>Alte Bundestra\u00dfe 44\u00a0<br>25774 Krempel<br>Deutschland<\/p>\n\n\n\n<p>Kontakt:&nbsp;Steineritter@gmail.com&nbsp;<br>E-Mail:&nbsp;steineritter@gmail.com&nbsp;<\/p>\n\n\n\n<p>Verantwortlich f\u00fcr den Inhalt nach \u00a7 18 Abs. 2 MStV:<\/p>\n\n\n\n<p>Sascha Eckhoff\u00a0<br>Alte Bundestra\u00dfe 44\u00a0<br>25774 Krempel<br>Deutschland<\/p>\n\n\n\n<p><strong>Hinweis zum Projekt<\/strong><\/p>\n\n\n\n<p>Dieses Social-Media-Projekt organisiert \u00f6ffentliche Schatzsuchen und R\u00e4tselspiele, bei denen kleine Gegenst\u00e4nde oder Gl\u00fccksbringer an frei zug\u00e4nglichen Orten versteckt werden.<\/p>\n\n\n\n<p>Die Teilnahme erfolgt freiwillig und auf eigene Verantwortung.<\/p>\n\n\n\n<p><strong>Haftung f\u00fcr Inhalte<\/strong><\/p>\n\n\n\n<p>Die Inhalte unserer Seiten wurden mit gr\u00f6\u00dfter Sorgfalt erstellt.<\/p>\n\n\n\n<p>F\u00fcr die Richtigkeit, Vollst\u00e4ndigkeit und Aktualit\u00e4t der Inhalte k\u00f6nnen wir jedoch keine Gew\u00e4hr \u00fcbernehmen.<\/p>\n\n\n\n<p>Als Diensteanbieter sind wir gem\u00e4\u00df \u00a7 7 Abs.1 DDG f\u00fcr eigene Inhalte auf diesen Seiten nach den allgemeinen Gesetzen verantwortlich.<\/p>\n\n\n\n<p>Nach \u00a7\u00a7 8 bis 10 DDG sind wir als Diensteanbieter jedoch nicht verpflichtet, \u00fcbermittelte oder gespeicherte fremde Informationen zu \u00fcberwachen oder nach Umst\u00e4nden zu forschen, die auf eine rechtswidrige T\u00e4tigkeit hinweisen.<\/p>\n\n\n\n<p><strong>Haftung f\u00fcr Links<\/strong><\/p>\n\n\n\n<p>Unser Angebot kann Links zu externen Websites Dritter enthalten, auf deren Inhalte wir keinen Einfluss haben.<\/p>\n\n\n\n<p>Deshalb k\u00f6nnen wir f\u00fcr diese fremden Inhalte auch keine Gew\u00e4hr \u00fcbernehmen.<\/p>\n\n\n\n<p>F\u00fcr die Inhalte der verlinkten Seiten ist stets der jeweilige Anbieter oder Betreiber der Seiten verantwortlich.<\/p>\n\n\n\n<p><strong>Urheberrecht<\/strong><\/p>\n\n\n\n<p>Die durch den Seitenbetreiber erstellten Inhalte und Werke auf diesen Seiten unterliegen dem deutschen Urheberrecht.<\/p>\n\n\n\n<p><strong>Beitr\u00e4ge Dritter sind als solche gekennzeichnet.<\/strong><\/p>\n\n\n\n<p>Die Vervielf\u00e4ltigung, Bearbeitung, Verbreitung und jede Art der Verwertung au\u00dferhalb der Grenzen des Urheberrechtes bed\u00fcrfen der schriftlichen Zustimmung des jeweiligen Autors bzw.<\/p>\n\n\n\n<p><strong>Erstellers der Kan\u00e4le:<\/strong>\u00a0<\/p>\n\n\n\n<p><em>Social Media Profile<\/em><\/p>\n\n\n\n<p>Instagram: https:\/\/instagram.com\/steineritter\u00a0<br>Instagram: https:\/\/instagram.com\/glueckpassiertrecords\u00a0<br>TikTok: https:\/\/tiktok.com\/@steineritter\u00a0<br>YouTube: https:\/\/youtube.com\/@Steineritter_Official\u00a0<br>Facebook: https:\/\/facebook.com\/Steineritter\u00a0<br>Twitch: https:\/\/twitch.de\/Steineritter\u00a0<\/p>\n","protected":false},"excerpt":{"rendered":"<p>Angaben gem\u00e4\u00df \u00a7 5 DDG (Digitale-Dienste-Gesetz) und \u00a7 18 Abs. 2 MStV Sascha Eckhoff\u00a0Alte Bundestra\u00dfe 44\u00a025774 KrempelDeutschland Kontakt:&nbsp;Steineritter@gmail.com&nbsp;E-Mail:&nbsp;steineritter@gmail.com&nbsp;<\/p>\n","protected":false},"author":1,"featured_media":0,"parent":0,"menu_order":0,"comment_status":"closed","ping_status":"open","template":"","meta":{"footnotes":""},"class_list":["post-2","page","type-page","status-publish","hentry"],"jetpack_sharing_enabled":true,"_links":{"self":[{"href":"https:\/\/steineritter.com\/index.php?rest_route=\/wp\/v2\/pages\/2","targetHints":{"allow":["GET"]}}],"collection":[{"href":"https:\/\/steineritter.com\/index.php?rest_route=\/wp\/v2\/pages"}],"about":[{"href":"https:\/\/steineritter.com\/index.php?rest_route=\/wp\/v2\/types\/page"}],"author":[{"embeddable":true,"href":"https:\/\/steineritter.com\/index.php?rest_route=\/wp\/v2\/users\/1"}],"replies":[{"embeddable":true,"href":"https:\/\/steineritter.com\/index.php?rest_route=%2Fwp%2Fv2%2Fcomments&post=2"}],"version-history":[{"count":1,"href":"https:\/\/steineritter.com\/index.php?rest_route=\/wp\/v2\/pages\/2\/revisions"}],"predecessor-version":[{"id":1774,"href":"https:\/\/steineritter.com\/index.php?rest_route=\/wp\/v2\/pages\/2\/revisions\/1774"}],"wp:attachment":[{"href":"https:\/\/steineritter.com\/index.php?rest_route=%2Fwp%2Fv2%2Fmedia&parent=2"}],"curies":[{"name":"wp","href":"https:\/\/api.w.org\/{rel}","templated":true}]}}